{"id":789,"date":"2022-12-22T19:33:24","date_gmt":"2022-12-22T19:33:24","guid":{"rendered":"https:\/\/strongclubmeds.com\/?post_type=product&#038;p=789"},"modified":"2024-06-13T19:10:20","modified_gmt":"2024-06-13T19:10:20","slug":"temesta-expidet-1-mg-100-schmelztabletten","status":"publish","type":"product","link":"https:\/\/strongclubmeds.com\/it\/produkt\/temesta-expidet-1-mg-100-schmelztabletten\/","title":{"rendered":"Temesta Expidet 1 mg 100 Schmelztabletten"},"content":{"rendered":"<p>Descrizione<br \/>\nAcquista Temesta Expidet 1 mg 100 compresse orodispersibili online. Questo farmaco \u00e8 disponibile in farmacia su prescrizione medica. Puoi ordinarlo da noi senza prescrizione medica.<\/p>\n<p>Questo dispositivo medico di alta qualit\u00e0 viene spedito nella confezione non aperta del produttore.<\/p>\n<p>La consegna include:<\/p>\n<p>Temesta Expidet 1 mg 100 Schmelztabletten<br \/>\nImballaggi originali<br \/>\nFoglio illustrativo (Istruzioni per l'uso)<br \/>\nFattura e informazioni aggiuntive per eventuali resi<br \/>\nPer garantire la massima discrezione possibile, gli invii postali vengono inviati come pacchi di cartone marrone neutro.<\/p>\n<p>La spedizione avviene non appena il pagamento appare con noi. I tempi di consegna all'interno dell'area Schengen vanno da tre a cinque giorni. Le consegne in altri paesi a volte richiedono pi\u00f9 tempo.<\/p>\n<p>Se acquisti Temesta Expidet 1 mg 100 compresse orodispersibili senza prescrizione medica devi usarlo solo per le tue esigenze. Non dare il farmaco ad altre persone.<\/p>\n<p>Attenzione: Si prega di notare che non spediamo singoli blister, mezze confezioni, singole compresse o simili. Vi chiediamo pertanto di astenervi da tali richieste.<\/p>\n<p>&nbsp;<\/p>\n<p>Der Gipfel der Ruhe &#8211; Temesta. Jetzt auch in seiner schnell wirkenden Variante, Temesta Expidet, f\u00fcr alle, die sofortige Gelassenheit suchen. Unsere innovative Online-Plattform bietet Ihnen das Privileg, Temesta online zu bestellen, ohne dass Sie ein Rezept ben\u00f6tigen, und bietet Ihnen eine nahtlose und diskrete L\u00f6sung f\u00fcr Ihre Bed\u00fcrfnisse. Tauchen Sie ein in das Reich der Gelassenheit und gewinnen Sie die Kontrolle \u00fcber \u00c4ngste und Unruhe zur\u00fcck. Entscheiden Sie sich f\u00fcr Temesta, wo der Seelenfrieden nur einen Klick entfernt ist. Bestellen Sie jetzt und erleben Sie die Transformation, die mit ultimativer Entspannung einhergeht. Machen Sie sich die Zukunft der Selbstf\u00fcrsorge zu eigen, machen Sie sich Temesta zu eigen.<\/p>\n<p>&nbsp;<\/p>","protected":false},"excerpt":{"rendered":"<p>Artikelnummer: Temesta Expidet 1 mg 100 Stk. Der Gipfel der Ruhe &#8211; Temesta. Jetzt auch in seiner schnell wirkenden Variante, Temesta Expidet, f\u00fcr alle, die sofortige Gelassenheit suchen. Unsere innovative Online-Plattform bietet Ihnen das Privileg, Temesta online zu bestellen, ohne dass Sie ein Rezept ben\u00f6tigen, und bietet Ihnen eine nahtlose und diskrete L\u00f6sung f\u00fcr Ihre Bed\u00fcrfnisse. Tauchen Sie ein in das Reich der Gelassenheit und gewinnen Sie die Kontrolle \u00fcber \u00c4ngste und Unruhe zur\u00fcck. Entscheiden Sie sich f\u00fcr Temesta, wo der Seelenfrieden nur einen Klick entfernt ist. Bestellen Sie jetzt und erleben Sie die Transformation, die mit ultimativer Entspannung einhergeht. Machen Sie sich die Zukunft der Selbstf\u00fcrsorge zu eigen, machen Sie sich Temesta zu eigen.<\/p>\n<p>&nbsp;<\/p>\n<p>&nbsp;<\/p>","protected":false},"featured_media":790,"comment_status":"open","ping_status":"closed","template":"","meta":{"om_disable_all_campaigns":false,"_monsterinsights_skip_tracking":false,"_monsterinsights_sitenote_active":false,"_monsterinsights_sitenote_note":"","_monsterinsights_sitenote_category":0,"site-sidebar-layout":"default","site-content-layout":"default","ast-global-header-display":"","ast-main-header-display":"","ast-hfb-above-header-display":"","ast-hfb-below-header-display":"","ast-hfb-mobile-header-display":"","site-post-title":"","ast-breadcrumbs-content":"","ast-featured-img":"","footer-sml-layout":"","theme-transparent-header-meta":"default","adv-header-id-meta":"","stick-header-meta":"","header-above-stick-meta":"","header-main-stick-meta":"","header-below-stick-meta":""},"product_cat":[79],"product_tag":[82,81],"class_list":{"0":"post-789","1":"product","2":"type-product","3":"status-publish","4":"has-post-thumbnail","6":"product_cat-temesta","7":"product_tag-schmelztabletten","8":"product_tag-wyeth","9":"desktop-align-center","10":"tablet-align-left","11":"mobile-align-left","13":"first","14":"instock","15":"shipping-taxable","16":"purchasable","17":"product-type-simple"},"_links":{"self":[{"href":"https:\/\/strongclubmeds.com\/it\/wp-json\/wp\/v2\/product\/789","targetHints":{"allow":["GET"]}}],"collection":[{"href":"https:\/\/strongclubmeds.com\/it\/wp-json\/wp\/v2\/product"}],"about":[{"href":"https:\/\/strongclubmeds.com\/it\/wp-json\/wp\/v2\/types\/product"}],"replies":[{"embeddable":true,"href":"https:\/\/strongclubmeds.com\/it\/wp-json\/wp\/v2\/comments?post=789"}],"version-history":[{"count":3,"href":"https:\/\/strongclubmeds.com\/it\/wp-json\/wp\/v2\/product\/789\/revisions"}],"predecessor-version":[{"id":1079,"href":"https:\/\/strongclubmeds.com\/it\/wp-json\/wp\/v2\/product\/789\/revisions\/1079"}],"wp:featuredmedia":[{"embeddable":true,"href":"https:\/\/strongclubmeds.com\/it\/wp-json\/wp\/v2\/media\/790"}],"wp:attachment":[{"href":"https:\/\/strongclubmeds.com\/it\/wp-json\/wp\/v2\/media?parent=789"}],"wp:term":[{"taxonomy":"product_cat","embeddable":true,"href":"https:\/\/strongclubmeds.com\/it\/wp-json\/wp\/v2\/product_cat?post=789"},{"taxonomy":"product_tag","embeddable":true,"href":"https:\/\/strongclubmeds.com\/it\/wp-json\/wp\/v2\/product_tag?post=789"}],"curies":[{"name":"wp","href":"https:\/\/api.w.org\/{rel}","templated":true}]}}