{"id":719,"date":"2022-12-22T16:29:09","date_gmt":"2022-12-22T16:29:09","guid":{"rendered":"https:\/\/strongclubmeds.com\/?post_type=product&#038;p=719"},"modified":"2023-01-10T22:45:34","modified_gmt":"2023-01-10T22:45:34","slug":"librax-chlordiazepoxid-5-mg-clinidiumbromid-25-mg-30-dragees","status":"publish","type":"product","link":"https:\/\/strongclubmeds.com\/fr\/produkt\/librax-chlordiazepoxid-5-mg-clinidiumbromid-25-mg-30-dragees\/","title":{"rendered":"Librax Chlordiazepoxid 5 mg Clinidiumbromid 2,5 mg 30 Drage\u00e9s"},"content":{"rendered":"<p>Description<br \/>\nSi vous achetez Librium Chlordiazepoxide 10 mg 10 comprim\u00e9s sans ordonnance, vous ne devez l'utiliser que pour vos propres besoins. Ne donnez pas le m\u00e9dicament \u00e0 d'autres personnes.<\/p>\n<p>Ce dispositif m\u00e9dical de haute qualit\u00e9 est exp\u00e9di\u00e9 dans l'emballage non ouvert du fabricant.<\/p>\n<p>La livraison contient :<\/p>\n<p>Librax Chlordiazepoxid\/Clinidiumbromid 5 mg\/2,5 mg 30 Drage\u00e9s<br \/>\nEmballage(s) d'origine<br \/>\nNotice (Instructions d'utilisation)<br \/>\nFacture et informations compl\u00e9mentaires pour tout retour<br \/>\nAfin d'assurer la plus grande discr\u00e9tion possible, les envois postaux sont exp\u00e9di\u00e9s sous forme de colis en carton brun neutre.<\/p>\n<p>L'exp\u00e9dition a lieu d\u00e8s que le paiement appara\u00eet chez nous. Le d\u00e9lai de livraison dans l'espace Schengen est de trois \u00e0 cinq jours. Les livraisons vers d'autres pays prennent parfois plus de temps.<\/p>\n<p>Si vous achetez Librax Chlordiaz\u00e9poxide\/Bromure de Clinidium 5 mg\/2,5 mg 30 comprim\u00e9s enrob\u00e9s sans ordonnance, vous ne devez l'utiliser que pour vos propres besoins. Ne donnez pas le m\u00e9dicament \u00e0 d'autres personnes.<\/p>\n<p>Attention : Veuillez noter que nous n'exp\u00e9dions pas de blisters individuels, de demi-emballages, de comprim\u00e9s individuels ou similaires. Nous vous demandons donc de vous abstenir de telles demandes.<\/p>","protected":false},"excerpt":{"rendered":"<p>Artikelnummer: Librax Chlordiazepoxid\/Clinidiumbromid 5 mg\/2,5 mg 30 Drage\u00e9s<\/p>","protected":false},"featured_media":720,"comment_status":"open","ping_status":"closed","template":"","meta":{"om_disable_all_campaigns":false,"_monsterinsights_skip_tracking":false,"_monsterinsights_sitenote_active":false,"_monsterinsights_sitenote_note":"","_monsterinsights_sitenote_category":0,"site-sidebar-layout":"default","site-content-layout":"default","ast-global-header-display":"","ast-main-header-display":"","ast-hfb-above-header-display":"","ast-hfb-below-header-display":"","ast-hfb-mobile-header-display":"","site-post-title":"","ast-breadcrumbs-content":"","ast-featured-img":"","footer-sml-layout":"","theme-transparent-header-meta":"default","adv-header-id-meta":"","stick-header-meta":"","header-above-stick-meta":"","header-main-stick-meta":"","header-below-stick-meta":""},"product_cat":[43,44],"product_tag":[46,47],"class_list":{"0":"post-719","1":"product","2":"type-product","3":"status-publish","4":"has-post-thumbnail","6":"product_cat-chlordiazepoxid","7":"product_cat-chlordiazepoxid-composita","8":"product_tag-dragees","9":"product_tag-meda","10":"desktop-align-center","11":"tablet-align-left","12":"mobile-align-left","14":"first","15":"instock","16":"shipping-taxable","17":"purchasable","18":"product-type-simple"},"_links":{"self":[{"href":"https:\/\/strongclubmeds.com\/fr\/wp-json\/wp\/v2\/product\/719","targetHints":{"allow":["GET"]}}],"collection":[{"href":"https:\/\/strongclubmeds.com\/fr\/wp-json\/wp\/v2\/product"}],"about":[{"href":"https:\/\/strongclubmeds.com\/fr\/wp-json\/wp\/v2\/types\/product"}],"replies":[{"embeddable":true,"href":"https:\/\/strongclubmeds.com\/fr\/wp-json\/wp\/v2\/comments?post=719"}],"version-history":[{"count":1,"href":"https:\/\/strongclubmeds.com\/fr\/wp-json\/wp\/v2\/product\/719\/revisions"}],"predecessor-version":[{"id":721,"href":"https:\/\/strongclubmeds.com\/fr\/wp-json\/wp\/v2\/product\/719\/revisions\/721"}],"wp:featuredmedia":[{"embeddable":true,"href":"https:\/\/strongclubmeds.com\/fr\/wp-json\/wp\/v2\/media\/720"}],"wp:attachment":[{"href":"https:\/\/strongclubmeds.com\/fr\/wp-json\/wp\/v2\/media?parent=719"}],"wp:term":[{"taxonomy":"product_cat","embeddable":true,"href":"https:\/\/strongclubmeds.com\/fr\/wp-json\/wp\/v2\/product_cat?post=719"},{"taxonomy":"product_tag","embeddable":true,"href":"https:\/\/strongclubmeds.com\/fr\/wp-json\/wp\/v2\/product_tag?post=719"}],"curies":[{"name":"wp","href":"https:\/\/api.w.org\/{rel}","templated":true}]}}