{"id":670,"date":"2022-12-22T13:15:30","date_gmt":"2022-12-22T13:15:30","guid":{"rendered":"https:\/\/strongclubmeds.com\/?post_type=product&#038;p=670"},"modified":"2023-01-10T22:45:47","modified_gmt":"2023-01-10T22:45:47","slug":"alplax-alprazolam-05-mg-60-tabletten","status":"publish","type":"product","link":"https:\/\/strongclubmeds.com\/fr\/produkt\/alplax-alprazolam-05-mg-60-tabletten\/","title":{"rendered":"Alplax Alprazolam 0,5 mg 60 Tabletten"},"content":{"rendered":"<p>Description<br \/>\nAcheter Alplax Alprazolam 0,5 mg 60 comprim\u00e9s en ligne. Ce m\u00e9dicament est disponible en pharmacie sur ordonnance. Vous pouvez le commander chez nous sans ordonnance.<\/p>\n<p>Ce dispositif m\u00e9dical de haute qualit\u00e9 est exp\u00e9di\u00e9 dans l'emballage non ouvert du fabricant.<\/p>\n<p>La livraison contient :<\/p>\n<p>Alplax Alprazolam 0,5 mg 60 Tabletten<br \/>\nEmballage(s) d'origine<br \/>\nNotice (Instructions d'utilisation)<br \/>\nFacture et informations compl\u00e9mentaires pour tout retour<br \/>\nAfin d'assurer la plus grande discr\u00e9tion possible, les envois postaux sont exp\u00e9di\u00e9s sous forme de colis en carton brun neutre.<\/p>\n<p>L'exp\u00e9dition a lieu d\u00e8s que le paiement appara\u00eet chez nous. Le d\u00e9lai de livraison dans l'espace Schengen est de trois \u00e0 cinq jours. Les livraisons vers d'autres pays prennent parfois plus de temps.<\/p>\n<p>Si vous achetez Alplax Alprazolam 0,5 mg 60 comprim\u00e9s sans ordonnance, vous ne devez l'utiliser que pour vos propres besoins. Ne donnez pas le m\u00e9dicament \u00e0 d'autres personnes.<\/p>\n<p>Attention : Veuillez noter que nous n'exp\u00e9dions pas de blisters individuels, de demi-emballages, de comprim\u00e9s individuels ou similaires. Nous vous demandons donc de vous abstenir de telles demandes.<\/p>","protected":false},"excerpt":{"rendered":"<p>Artikelnummer: Alplax Gador 0,5 mg 60 Stk.<\/p>","protected":false},"featured_media":671,"comment_status":"open","ping_status":"closed","template":"","meta":{"om_disable_all_campaigns":false,"_monsterinsights_skip_tracking":false,"_monsterinsights_sitenote_active":false,"_monsterinsights_sitenote_note":"","_monsterinsights_sitenote_category":0,"site-sidebar-layout":"default","site-content-layout":"default","ast-global-header-display":"","ast-main-header-display":"","ast-hfb-above-header-display":"","ast-hfb-below-header-display":"","ast-hfb-mobile-header-display":"","site-post-title":"","ast-breadcrumbs-content":"","ast-featured-img":"","footer-sml-layout":"","theme-transparent-header-meta":"default","adv-header-id-meta":"","stick-header-meta":"","header-above-stick-meta":"","header-main-stick-meta":"","header-below-stick-meta":""},"product_cat":[28,33],"product_tag":[34,24],"class_list":{"0":"post-670","1":"product","2":"type-product","3":"status-publish","4":"has-post-thumbnail","6":"product_cat-alprazolam","7":"product_cat-alplax","8":"product_tag-alpax","9":"product_tag-tabletten","10":"desktop-align-center","11":"tablet-align-left","12":"mobile-align-left","14":"first","15":"instock","16":"sale","17":"shipping-taxable","18":"purchasable","19":"product-type-simple"},"_links":{"self":[{"href":"https:\/\/strongclubmeds.com\/fr\/wp-json\/wp\/v2\/product\/670","targetHints":{"allow":["GET"]}}],"collection":[{"href":"https:\/\/strongclubmeds.com\/fr\/wp-json\/wp\/v2\/product"}],"about":[{"href":"https:\/\/strongclubmeds.com\/fr\/wp-json\/wp\/v2\/types\/product"}],"replies":[{"embeddable":true,"href":"https:\/\/strongclubmeds.com\/fr\/wp-json\/wp\/v2\/comments?post=670"}],"version-history":[{"count":1,"href":"https:\/\/strongclubmeds.com\/fr\/wp-json\/wp\/v2\/product\/670\/revisions"}],"predecessor-version":[{"id":672,"href":"https:\/\/strongclubmeds.com\/fr\/wp-json\/wp\/v2\/product\/670\/revisions\/672"}],"wp:featuredmedia":[{"embeddable":true,"href":"https:\/\/strongclubmeds.com\/fr\/wp-json\/wp\/v2\/media\/671"}],"wp:attachment":[{"href":"https:\/\/strongclubmeds.com\/fr\/wp-json\/wp\/v2\/media?parent=670"}],"wp:term":[{"taxonomy":"product_cat","embeddable":true,"href":"https:\/\/strongclubmeds.com\/fr\/wp-json\/wp\/v2\/product_cat?post=670"},{"taxonomy":"product_tag","embeddable":true,"href":"https:\/\/strongclubmeds.com\/fr\/wp-json\/wp\/v2\/product_tag?post=670"}],"curies":[{"name":"wp","href":"https:\/\/api.w.org\/{rel}","templated":true}]}}