{"id":642,"date":"2022-12-15T17:07:58","date_gmt":"2022-12-15T17:07:58","guid":{"rendered":"https:\/\/strongclubmeds.com\/?post_type=product&#038;p=642"},"modified":"2023-01-10T22:45:51","modified_gmt":"2023-01-10T22:45:51","slug":"rivotril-tropfen-25-mg-10-ml","status":"publish","type":"product","link":"https:\/\/strongclubmeds.com\/fr\/produkt\/rivotril-tropfen-25-mg-10-ml\/","title":{"rendered":"Rivotril-Tropfen 2,5 mg 10 ml"},"content":{"rendered":"<h2>Description<\/h2>\n<p><strong>Achetez Rivotril Drops 2.5mg 10ml en ligne maintenant. Ce m\u00e9dicament est uniquement disponible en pharmacie sur ordonnance. Vous pouvez le commander chez nous sans ordonnance.<\/strong><\/p>\n<p>Ce dispositif m\u00e9dical de haute qualit\u00e9 est exp\u00e9di\u00e9 dans l'emballage non ouvert du fabricant.<\/p>\n<p><strong>La livraison contient :<\/strong><\/p>\n<ul>\n<li>Rivotril-Tropfen 2,5\u00a0mg 10\u00a0ml<\/li>\n<li>Emballage(s) d'origine<\/li>\n<li>Notice (Instructions d'utilisation)<\/li>\n<li>Facture et informations compl\u00e9mentaires pour tout retour<\/li>\n<\/ul>\n<p>Afin d'assurer la plus grande discr\u00e9tion possible, les envois postaux sont exp\u00e9di\u00e9s sous forme de colis en carton brun neutre.<\/p>\n<p>L'exp\u00e9dition a lieu d\u00e8s que le paiement appara\u00eet chez nous. Le d\u00e9lai de livraison dans l'espace Schengen est de trois \u00e0 cinq jours. Les livraisons vers d'autres pays prennent parfois plus de temps.<\/p>\n<p>Wenn Sie Rivotril-Tropfen 2,5 mg 10 ml ohne Rezept kaufen, d\u00fcrfen Sie es nur f\u00fcr den eigenen Bedarf verwenden. Geben Sie das Medikament nicht an andere Personen weiter.<\/p>\n<p><strong>Danger:<\/strong>\u00a0Veuillez noter que nous n'exp\u00e9dions pas de blisters individuels, de demi-emballages, de comprim\u00e9s individuels ou similaires. Nous vous demandons donc de vous abstenir de telles demandes.<\/p>\n<p>Page de la boutique : acheter du clonaz\u00e9pam<\/p>\n<p>Informations sur l'ingr\u00e9dient actif : clonaz\u00e9pam<\/p>","protected":false},"excerpt":{"rendered":"<p>Wirkstoff: Clonazepam<\/p>\n<p>Artikelnummer: Rivotril-Tropfen 2,5 mg 10 ml<\/p>","protected":false},"featured_media":643,"comment_status":"open","ping_status":"closed","template":"","meta":{"om_disable_all_campaigns":false,"_monsterinsights_skip_tracking":false,"_monsterinsights_sitenote_active":false,"_monsterinsights_sitenote_note":"","_monsterinsights_sitenote_category":0,"site-sidebar-layout":"default","site-content-layout":"default","ast-global-header-display":"","ast-main-header-display":"","ast-hfb-above-header-display":"","ast-hfb-below-header-display":"","ast-hfb-mobile-header-display":"","site-post-title":"","ast-breadcrumbs-content":"","ast-featured-img":"","footer-sml-layout":"","theme-transparent-header-meta":"default","adv-header-id-meta":"","stick-header-meta":"","header-above-stick-meta":"","header-main-stick-meta":"","header-below-stick-meta":""},"product_cat":[15],"product_tag":[23,24],"class_list":{"0":"post-642","1":"product","2":"type-product","3":"status-publish","4":"has-post-thumbnail","6":"product_cat-uncategorized","7":"product_tag-ratiopharm","8":"product_tag-tabletten","9":"desktop-align-center","10":"tablet-align-left","11":"mobile-align-left","13":"first","14":"instock","15":"shipping-taxable","16":"purchasable","17":"product-type-simple"},"_links":{"self":[{"href":"https:\/\/strongclubmeds.com\/fr\/wp-json\/wp\/v2\/product\/642","targetHints":{"allow":["GET"]}}],"collection":[{"href":"https:\/\/strongclubmeds.com\/fr\/wp-json\/wp\/v2\/product"}],"about":[{"href":"https:\/\/strongclubmeds.com\/fr\/wp-json\/wp\/v2\/types\/product"}],"replies":[{"embeddable":true,"href":"https:\/\/strongclubmeds.com\/fr\/wp-json\/wp\/v2\/comments?post=642"}],"version-history":[{"count":1,"href":"https:\/\/strongclubmeds.com\/fr\/wp-json\/wp\/v2\/product\/642\/revisions"}],"predecessor-version":[{"id":644,"href":"https:\/\/strongclubmeds.com\/fr\/wp-json\/wp\/v2\/product\/642\/revisions\/644"}],"wp:featuredmedia":[{"embeddable":true,"href":"https:\/\/strongclubmeds.com\/fr\/wp-json\/wp\/v2\/media\/643"}],"wp:attachment":[{"href":"https:\/\/strongclubmeds.com\/fr\/wp-json\/wp\/v2\/media?parent=642"}],"wp:term":[{"taxonomy":"product_cat","embeddable":true,"href":"https:\/\/strongclubmeds.com\/fr\/wp-json\/wp\/v2\/product_cat?post=642"},{"taxonomy":"product_tag","embeddable":true,"href":"https:\/\/strongclubmeds.com\/fr\/wp-json\/wp\/v2\/product_tag?post=642"}],"curies":[{"name":"wp","href":"https:\/\/api.w.org\/{rel}","templated":true}]}}