{"id":793,"date":"2022-12-22T19:41:52","date_gmt":"2022-12-22T19:41:52","guid":{"rendered":"https:\/\/strongclubmeds.com\/?post_type=product&#038;p=793"},"modified":"2023-01-10T22:45:13","modified_gmt":"2023-01-10T22:45:13","slug":"temesta-expidet-25-mg-100-schmelztabletten","status":"publish","type":"product","link":"https:\/\/strongclubmeds.com\/es\/produkt\/temesta-expidet-25-mg-100-schmelztabletten\/","title":{"rendered":"Temesta Expidet 2,5 mg 100 Schmelztabletten"},"content":{"rendered":"<p>Descripci\u00f3n<br \/>\nComprar Temesta Expidet 2,5 mg 100 comprimidos bucodispersables online. Este medicamento est\u00e1 disponible en farmacias con receta m\u00e9dica. Puede pedirlo con nosotros sin receta m\u00e9dica.<\/p>\n<p>Este dispositivo m\u00e9dico de alta calidad se env\u00eda en el embalaje sin abrir del fabricante.<\/p>\n<p>La entrega contiene:<\/p>\n<p>Temesta Expidet 2,5 mg 100 Schmelztabletten<br \/>\nEmbalaje(s) original(es)<br \/>\nProspecto (Instrucciones de uso)<br \/>\nFactura e informaci\u00f3n adicional para cualquier devoluci\u00f3n<br \/>\nPara garantizar la mayor discreci\u00f3n posible, los env\u00edos postales se env\u00edan como paquetes de cart\u00f3n marr\u00f3n neutro.<\/p>\n<p>El env\u00edo se realiza tan pronto como el pago aparece con nosotros. El tiempo de entrega dentro del espacio Schengen es de tres a cinco d\u00edas. Las entregas a otros pa\u00edses a veces tardan m\u00e1s.<\/p>\n<p>Si compra Temesta Expidet 2,5 mg 100 comprimidos bucodispersables sin receta solo debe utilizarlo para sus propias necesidades. No le d\u00e9 el medicamento a otras personas.<\/p>\n<p>Atenci\u00f3n: tenga en cuenta que no enviamos bl\u00edsteres individuales, medios paquetes, tabletas individuales o similares. Por lo tanto, le pedimos que se abstenga de tales consultas.<\/p>","protected":false},"excerpt":{"rendered":"<p>Artikelnummer: Temesta Expidet 2.5 mg 100 Stk.<\/p>","protected":false},"featured_media":794,"comment_status":"open","ping_status":"closed","template":"","meta":{"om_disable_all_campaigns":false,"_monsterinsights_skip_tracking":false,"_monsterinsights_sitenote_active":false,"_monsterinsights_sitenote_note":"","_monsterinsights_sitenote_category":0,"site-sidebar-layout":"default","site-content-layout":"default","ast-global-header-display":"","ast-main-header-display":"","ast-hfb-above-header-display":"","ast-hfb-below-header-display":"","ast-hfb-mobile-header-display":"","site-post-title":"","ast-breadcrumbs-content":"","ast-featured-img":"","footer-sml-layout":"","theme-transparent-header-meta":"default","adv-header-id-meta":"","stick-header-meta":"","header-above-stick-meta":"","header-main-stick-meta":"","header-below-stick-meta":""},"product_cat":[79],"product_tag":[82,81],"class_list":{"0":"post-793","1":"product","2":"type-product","3":"status-publish","4":"has-post-thumbnail","6":"product_cat-temesta","7":"product_tag-schmelztabletten","8":"product_tag-wyeth","9":"desktop-align-center","10":"tablet-align-left","11":"mobile-align-left","13":"first","14":"instock","15":"shipping-taxable","16":"purchasable","17":"product-type-simple"},"_links":{"self":[{"href":"https:\/\/strongclubmeds.com\/es\/wp-json\/wp\/v2\/product\/793","targetHints":{"allow":["GET"]}}],"collection":[{"href":"https:\/\/strongclubmeds.com\/es\/wp-json\/wp\/v2\/product"}],"about":[{"href":"https:\/\/strongclubmeds.com\/es\/wp-json\/wp\/v2\/types\/product"}],"replies":[{"embeddable":true,"href":"https:\/\/strongclubmeds.com\/es\/wp-json\/wp\/v2\/comments?post=793"}],"version-history":[{"count":1,"href":"https:\/\/strongclubmeds.com\/es\/wp-json\/wp\/v2\/product\/793\/revisions"}],"predecessor-version":[{"id":795,"href":"https:\/\/strongclubmeds.com\/es\/wp-json\/wp\/v2\/product\/793\/revisions\/795"}],"wp:featuredmedia":[{"embeddable":true,"href":"https:\/\/strongclubmeds.com\/es\/wp-json\/wp\/v2\/media\/794"}],"wp:attachment":[{"href":"https:\/\/strongclubmeds.com\/es\/wp-json\/wp\/v2\/media?parent=793"}],"wp:term":[{"taxonomy":"product_cat","embeddable":true,"href":"https:\/\/strongclubmeds.com\/es\/wp-json\/wp\/v2\/product_cat?post=793"},{"taxonomy":"product_tag","embeddable":true,"href":"https:\/\/strongclubmeds.com\/es\/wp-json\/wp\/v2\/product_tag?post=793"}],"curies":[{"name":"wp","href":"https:\/\/api.w.org\/{rel}","templated":true}]}}