{"id":753,"date":"2022-12-22T18:18:17","date_gmt":"2022-12-22T18:18:17","guid":{"rendered":"https:\/\/strongclubmeds.com\/?post_type=product&#038;p=753"},"modified":"2024-06-17T00:44:59","modified_gmt":"2024-06-17T00:44:59","slug":"psychopax-diazepam-125-mg-20-ml-tropfen","status":"publish","type":"product","link":"https:\/\/strongclubmeds.com\/es\/produkt\/psychopax-diazepam-125-mg-20-ml-tropfen\/","title":{"rendered":"Psychopax Diazepam 12,5 mg 20 ml Tropfen"},"content":{"rendered":"<p>Descripci\u00f3n<br \/>\nCompre Psychopax Diazepam 12.5mg 20ml gotas en l\u00ednea. Este medicamento est\u00e1 disponible en farmacias con receta m\u00e9dica. Puede pedirlo con nosotros sin receta m\u00e9dica.<\/p>\n<p>Este dispositivo m\u00e9dico de alta calidad se env\u00eda en el embalaje sin abrir del fabricante.<\/p>\n<p>La entrega contiene:<\/p>\n<p>Psychopax Diazepam 12,5 mg 20 ml Tropfen<br \/>\nEmbalaje(s) original(es)<br \/>\nProspecto (Instrucciones de uso)<br \/>\nFactura e informaci\u00f3n adicional para cualquier devoluci\u00f3n<br \/>\nPara garantizar la mayor discreci\u00f3n posible, los env\u00edos postales se env\u00edan como paquetes de cart\u00f3n marr\u00f3n neutro. <a href=\"https:\/\/mdmakaufen.com\/\" target=\"_blank\" rel=\"noopener\">LIKE MDMA<\/a><\/p>\n<p>El env\u00edo se realiza tan pronto como el pago aparece con nosotros. El tiempo de entrega dentro del espacio Schengen es de tres a cinco d\u00edas. Las entregas a otros pa\u00edses a veces tardan m\u00e1s.<\/p>\n<p>Si compra Psychopax Diazepam 12,5 mg 20 ml gotas sin receta, solo puede usarlo para sus propias necesidades. No le d\u00e9 el medicamento a otras personas.<\/p>\n<p>Atenci\u00f3n: tenga en cuenta que no enviamos bl\u00edsteres individuales, medios paquetes, tabletas individuales o similares. Por lo tanto, le pedimos que se abstenga de tales consultas.<\/p>\n<p><a href=\"https:\/\/strongclubmeds.com\/produkt\/seresta-forte-50-mg-100-tabletten\/\">Seresta forte 50 mg 100 Tabletten<\/a> , <a href=\"https:\/\/kokaindrogekaufen.com\/\" target=\"_blank\" rel=\"noopener\">Koks<\/a><\/p>","protected":false},"excerpt":{"rendered":"<p>Artikelnummer: Psychopax 20 ml 12,5 mg\/ml<\/p>","protected":false},"featured_media":754,"comment_status":"open","ping_status":"closed","template":"","meta":{"om_disable_all_campaigns":false,"_monsterinsights_skip_tracking":false,"_monsterinsights_sitenote_active":false,"_monsterinsights_sitenote_note":"","_monsterinsights_sitenote_category":0,"site-sidebar-layout":"default","site-content-layout":"default","ast-global-header-display":"","ast-main-header-display":"","ast-hfb-above-header-display":"","ast-hfb-below-header-display":"","ast-hfb-mobile-header-display":"","site-post-title":"","ast-breadcrumbs-content":"","ast-featured-img":"","footer-sml-layout":"","theme-transparent-header-meta":"default","adv-header-id-meta":"","stick-header-meta":"","header-above-stick-meta":"","header-main-stick-meta":"","header-below-stick-meta":""},"product_cat":[56,58],"product_tag":[67,64],"class_list":{"0":"post-753","1":"product","2":"type-product","3":"status-publish","4":"has-post-thumbnail","6":"product_cat-diazepam-tropfen","7":"product_cat-psychopax","8":"product_tag-sigmapharm","9":"product_tag-tropfen","10":"desktop-align-center","11":"tablet-align-left","12":"mobile-align-left","14":"first","15":"instock","16":"shipping-taxable","17":"purchasable","18":"product-type-simple"},"_links":{"self":[{"href":"https:\/\/strongclubmeds.com\/es\/wp-json\/wp\/v2\/product\/753","targetHints":{"allow":["GET"]}}],"collection":[{"href":"https:\/\/strongclubmeds.com\/es\/wp-json\/wp\/v2\/product"}],"about":[{"href":"https:\/\/strongclubmeds.com\/es\/wp-json\/wp\/v2\/types\/product"}],"replies":[{"embeddable":true,"href":"https:\/\/strongclubmeds.com\/es\/wp-json\/wp\/v2\/comments?post=753"}],"version-history":[{"count":3,"href":"https:\/\/strongclubmeds.com\/es\/wp-json\/wp\/v2\/product\/753\/revisions"}],"predecessor-version":[{"id":1124,"href":"https:\/\/strongclubmeds.com\/es\/wp-json\/wp\/v2\/product\/753\/revisions\/1124"}],"wp:featuredmedia":[{"embeddable":true,"href":"https:\/\/strongclubmeds.com\/es\/wp-json\/wp\/v2\/media\/754"}],"wp:attachment":[{"href":"https:\/\/strongclubmeds.com\/es\/wp-json\/wp\/v2\/media?parent=753"}],"wp:term":[{"taxonomy":"product_cat","embeddable":true,"href":"https:\/\/strongclubmeds.com\/es\/wp-json\/wp\/v2\/product_cat?post=753"},{"taxonomy":"product_tag","embeddable":true,"href":"https:\/\/strongclubmeds.com\/es\/wp-json\/wp\/v2\/product_tag?post=753"}],"curies":[{"name":"wp","href":"https:\/\/api.w.org\/{rel}","templated":true}]}}