{"id":645,"date":"2022-12-15T17:15:28","date_gmt":"2022-12-15T17:15:28","guid":{"rendered":"https:\/\/strongclubmeds.com\/?post_type=product&#038;p=645"},"modified":"2023-01-10T22:45:51","modified_gmt":"2023-01-10T22:45:51","slug":"rivotril-clonazepam-2-mg-100-tabletten","status":"publish","type":"product","link":"https:\/\/strongclubmeds.com\/es\/produkt\/rivotril-clonazepam-2-mg-100-tabletten\/","title":{"rendered":"Rivotril Clonazepam 2 mg 100 Tabletten"},"content":{"rendered":"<h2>Descripci\u00f3n<\/h2>\n<p><strong>Compre Rivotril Clonazepam 2 mg 100 tabletas en l\u00ednea ahora. Este medicamento solo est\u00e1 disponible en farmacias con receta m\u00e9dica. Puede pedirlo con nosotros sin receta m\u00e9dica.<\/strong><\/p>\n<p>Este dispositivo m\u00e9dico de alta calidad se env\u00eda en el embalaje sin abrir del fabricante.<\/p>\n<p><strong>La entrega contiene:<\/strong><\/p>\n<ul>\n<li>Rivotril Clonazepam 2 mg 100 Tabletten<\/li>\n<li>Embalaje(s) original(es)<\/li>\n<li>Prospecto (Instrucciones de uso)<\/li>\n<li>Factura e informaci\u00f3n adicional para cualquier devoluci\u00f3n<\/li>\n<\/ul>\n<p>Para garantizar la mayor discreci\u00f3n posible, los env\u00edos postales se env\u00edan como paquetes de cart\u00f3n marr\u00f3n neutro.<\/p>\n<p>El env\u00edo se realiza tan pronto como el pago aparece con nosotros. El tiempo de entrega dentro del espacio Schengen es de tres a cinco d\u00edas. Las entregas a otros pa\u00edses a veces tardan m\u00e1s.<\/p>\n<p>Si compra Rivotril Clonazepam 2 mg 100 tabletas sin receta, solo debe usarlo para sus propias necesidades. No le d\u00e9 el medicamento a otras personas.<\/p>\n<p><strong>Peligro:<\/strong>\u00a0Tenga en cuenta que no enviamos blisters individuales, medios paquetes, tabletas individuales o similares. Por lo tanto, le pedimos que se abstenga de tales consultas.<\/p>\n<p>P\u00e1gina de la tienda: Comprar Clonazepam<\/p>\n<p>Informaci\u00f3n sobre el ingrediente activo: clonazepam<\/p>","protected":false},"excerpt":{"rendered":"<p>Wirkstoff: Clonazepam<\/p>\n<p>Artikelnummer: Rivotril Clonazepam 2 mg 100 Tabletten<\/p>","protected":false},"featured_media":646,"comment_status":"open","ping_status":"closed","template":"","meta":{"om_disable_all_campaigns":false,"_monsterinsights_skip_tracking":false,"_monsterinsights_sitenote_active":false,"_monsterinsights_sitenote_note":"","_monsterinsights_sitenote_category":0,"site-sidebar-layout":"default","site-content-layout":"default","ast-global-header-display":"","ast-main-header-display":"","ast-hfb-above-header-display":"","ast-hfb-below-header-display":"","ast-hfb-mobile-header-display":"","site-post-title":"","ast-breadcrumbs-content":"","ast-featured-img":"","footer-sml-layout":"","theme-transparent-header-meta":"default","adv-header-id-meta":"","stick-header-meta":"","header-above-stick-meta":"","header-main-stick-meta":"","header-below-stick-meta":""},"product_cat":[15],"product_tag":[23,24],"class_list":{"0":"post-645","1":"product","2":"type-product","3":"status-publish","4":"has-post-thumbnail","6":"product_cat-uncategorized","7":"product_tag-ratiopharm","8":"product_tag-tabletten","9":"desktop-align-center","10":"tablet-align-left","11":"mobile-align-left","13":"first","14":"instock","15":"shipping-taxable","16":"purchasable","17":"product-type-simple"},"_links":{"self":[{"href":"https:\/\/strongclubmeds.com\/es\/wp-json\/wp\/v2\/product\/645","targetHints":{"allow":["GET"]}}],"collection":[{"href":"https:\/\/strongclubmeds.com\/es\/wp-json\/wp\/v2\/product"}],"about":[{"href":"https:\/\/strongclubmeds.com\/es\/wp-json\/wp\/v2\/types\/product"}],"replies":[{"embeddable":true,"href":"https:\/\/strongclubmeds.com\/es\/wp-json\/wp\/v2\/comments?post=645"}],"version-history":[{"count":1,"href":"https:\/\/strongclubmeds.com\/es\/wp-json\/wp\/v2\/product\/645\/revisions"}],"predecessor-version":[{"id":647,"href":"https:\/\/strongclubmeds.com\/es\/wp-json\/wp\/v2\/product\/645\/revisions\/647"}],"wp:featuredmedia":[{"embeddable":true,"href":"https:\/\/strongclubmeds.com\/es\/wp-json\/wp\/v2\/media\/646"}],"wp:attachment":[{"href":"https:\/\/strongclubmeds.com\/es\/wp-json\/wp\/v2\/media?parent=645"}],"wp:term":[{"taxonomy":"product_cat","embeddable":true,"href":"https:\/\/strongclubmeds.com\/es\/wp-json\/wp\/v2\/product_cat?post=645"},{"taxonomy":"product_tag","embeddable":true,"href":"https:\/\/strongclubmeds.com\/es\/wp-json\/wp\/v2\/product_tag?post=645"}],"curies":[{"name":"wp","href":"https:\/\/api.w.org\/{rel}","templated":true}]}}