{"id":642,"date":"2022-12-15T17:07:58","date_gmt":"2022-12-15T17:07:58","guid":{"rendered":"https:\/\/strongclubmeds.com\/?post_type=product&#038;p=642"},"modified":"2023-01-10T22:45:51","modified_gmt":"2023-01-10T22:45:51","slug":"rivotril-tropfen-25-mg-10-ml","status":"publish","type":"product","link":"https:\/\/strongclubmeds.com\/es\/produkt\/rivotril-tropfen-25-mg-10-ml\/","title":{"rendered":"Rivotril-Tropfen 2,5 mg 10 ml"},"content":{"rendered":"<h2>Descripci\u00f3n<\/h2>\n<p><strong>Compre Rivotril Gotas 2.5mg 10ml en l\u00ednea ahora. Este medicamento solo est\u00e1 disponible en farmacias con receta m\u00e9dica. Puede pedirlo con nosotros sin receta m\u00e9dica.<\/strong><\/p>\n<p>Este dispositivo m\u00e9dico de alta calidad se env\u00eda en el embalaje sin abrir del fabricante.<\/p>\n<p><strong>La entrega contiene:<\/strong><\/p>\n<ul>\n<li>Rivotril-Tropfen 2,5\u00a0mg 10\u00a0ml<\/li>\n<li>Embalaje(s) original(es)<\/li>\n<li>Prospecto (Instrucciones de uso)<\/li>\n<li>Factura e informaci\u00f3n adicional para cualquier devoluci\u00f3n<\/li>\n<\/ul>\n<p>Para garantizar la mayor discreci\u00f3n posible, los env\u00edos postales se env\u00edan como paquetes de cart\u00f3n marr\u00f3n neutro.<\/p>\n<p>El env\u00edo se realiza tan pronto como el pago aparece con nosotros. El tiempo de entrega dentro del espacio Schengen es de tres a cinco d\u00edas. Las entregas a otros pa\u00edses a veces tardan m\u00e1s.<\/p>\n<p>Si compra Rivotril gotas 2,5 mg 10 ml sin receta, solo puede usarlo para sus propias necesidades. No le d\u00e9 el medicamento a otras personas.<\/p>\n<p><strong>Peligro:<\/strong>\u00a0Tenga en cuenta que no enviamos blisters individuales, medios paquetes, tabletas individuales o similares. Por lo tanto, le pedimos que se abstenga de tales consultas.<\/p>\n<p>P\u00e1gina de la tienda: Comprar Clonazepam<\/p>\n<p>Informaci\u00f3n sobre el ingrediente activo: clonazepam<\/p>","protected":false},"excerpt":{"rendered":"<p>Wirkstoff: Clonazepam<\/p>\n<p>Artikelnummer: Rivotril-Tropfen 2,5 mg 10 ml<\/p>","protected":false},"featured_media":643,"comment_status":"open","ping_status":"closed","template":"","meta":{"om_disable_all_campaigns":false,"_monsterinsights_skip_tracking":false,"_monsterinsights_sitenote_active":false,"_monsterinsights_sitenote_note":"","_monsterinsights_sitenote_category":0,"site-sidebar-layout":"default","site-content-layout":"default","ast-global-header-display":"","ast-main-header-display":"","ast-hfb-above-header-display":"","ast-hfb-below-header-display":"","ast-hfb-mobile-header-display":"","site-post-title":"","ast-breadcrumbs-content":"","ast-featured-img":"","footer-sml-layout":"","theme-transparent-header-meta":"default","adv-header-id-meta":"","stick-header-meta":"","header-above-stick-meta":"","header-main-stick-meta":"","header-below-stick-meta":""},"product_cat":[15],"product_tag":[23,24],"class_list":{"0":"post-642","1":"product","2":"type-product","3":"status-publish","4":"has-post-thumbnail","6":"product_cat-uncategorized","7":"product_tag-ratiopharm","8":"product_tag-tabletten","9":"desktop-align-center","10":"tablet-align-left","11":"mobile-align-left","13":"first","14":"instock","15":"shipping-taxable","16":"purchasable","17":"product-type-simple"},"_links":{"self":[{"href":"https:\/\/strongclubmeds.com\/es\/wp-json\/wp\/v2\/product\/642","targetHints":{"allow":["GET"]}}],"collection":[{"href":"https:\/\/strongclubmeds.com\/es\/wp-json\/wp\/v2\/product"}],"about":[{"href":"https:\/\/strongclubmeds.com\/es\/wp-json\/wp\/v2\/types\/product"}],"replies":[{"embeddable":true,"href":"https:\/\/strongclubmeds.com\/es\/wp-json\/wp\/v2\/comments?post=642"}],"version-history":[{"count":1,"href":"https:\/\/strongclubmeds.com\/es\/wp-json\/wp\/v2\/product\/642\/revisions"}],"predecessor-version":[{"id":644,"href":"https:\/\/strongclubmeds.com\/es\/wp-json\/wp\/v2\/product\/642\/revisions\/644"}],"wp:featuredmedia":[{"embeddable":true,"href":"https:\/\/strongclubmeds.com\/es\/wp-json\/wp\/v2\/media\/643"}],"wp:attachment":[{"href":"https:\/\/strongclubmeds.com\/es\/wp-json\/wp\/v2\/media?parent=642"}],"wp:term":[{"taxonomy":"product_cat","embeddable":true,"href":"https:\/\/strongclubmeds.com\/es\/wp-json\/wp\/v2\/product_cat?post=642"},{"taxonomy":"product_tag","embeddable":true,"href":"https:\/\/strongclubmeds.com\/es\/wp-json\/wp\/v2\/product_tag?post=642"}],"curies":[{"name":"wp","href":"https:\/\/api.w.org\/{rel}","templated":true}]}}