{"id":695,"date":"2022-12-22T14:15:19","date_gmt":"2022-12-22T14:15:19","guid":{"rendered":"https:\/\/strongclubmeds.com\/?post_type=product&#038;p=695"},"modified":"2023-01-10T22:45:41","modified_gmt":"2023-01-10T22:45:41","slug":"xanax-alprazolam-1-mg-60-tabletten","status":"publish","type":"product","link":"https:\/\/strongclubmeds.com\/en\/produkt\/xanax-alprazolam-1-mg-60-tabletten\/","title":{"rendered":"Xanax Alprazolam 1 mg 60 Tabletten"},"content":{"rendered":"<p>Description<br \/>\nBuy Xanax Alprazolam 1mg 60 tabs online. This drug is available in pharmacies on prescription. You can order it from us without a prescription.<\/p>\n<p>This high-quality medical device is shipped in the manufacturer's unopened packaging.<\/p>\n<p>The delivery includes:<\/p>\n<p class=\" translation-block\"><font style=\"vertical-align: inherit;\"><font style=\"vertical-align: inherit;\">Xanax Alprazolam 1 mg 60 Tabletten<\/font><\/font><br>\r\nOriginalverpackung(-en)<br>\r\nBeipackzettel (Gebrauchsinformation)<br>\r\nRechnung und Zusatzinformation f\u00fcr etwaige Retouren<br>\r\nUm eine h\u00f6chstm\u00f6gliche Diskretion zu gew\u00e4hrleisten, werden die Postsendungen als neutrale braune Karton-Pakete auf den Weg geschickt.<\/p>\n<p>The dispatch takes place as soon as the payment appears with us. The delivery time within the Schengen area is three to five days. Deliveries to other countries sometimes take longer.<\/p>\n<p>If you buy Xanax Alprazolam 1 mg 60 tablets without a prescription you are only to use it for your own needs. Do not give the drug to other people.<\/p>\n<p>Attention: Please note that we do not ship individual blisters, half packs, individual tablets or similar. We therefore ask you to refrain from such inquiries.<\/p>","protected":false},"excerpt":{"rendered":"<p>Artikelnummer: Xanax 1 mg 60 Stk.<\/p>","protected":false},"featured_media":696,"comment_status":"open","ping_status":"closed","template":"","meta":{"om_disable_all_campaigns":false,"_monsterinsights_skip_tracking":false,"_monsterinsights_sitenote_active":false,"_monsterinsights_sitenote_note":"","_monsterinsights_sitenote_category":0,"site-sidebar-layout":"default","site-content-layout":"default","ast-global-header-display":"","ast-main-header-display":"","ast-hfb-above-header-display":"","ast-hfb-below-header-display":"","ast-hfb-mobile-header-display":"","site-post-title":"","ast-breadcrumbs-content":"","ast-featured-img":"","footer-sml-layout":"","theme-transparent-header-meta":"default","adv-header-id-meta":"","stick-header-meta":"","header-above-stick-meta":"","header-main-stick-meta":"","header-below-stick-meta":""},"product_cat":[28,30],"product_tag":[26,24],"class_list":{"0":"post-695","1":"product","2":"type-product","3":"status-publish","4":"has-post-thumbnail","6":"product_cat-alprazolam","7":"product_cat-xanax","8":"product_tag-pfizer","9":"product_tag-tabletten","10":"desktop-align-center","11":"tablet-align-left","12":"mobile-align-left","14":"first","15":"instock","16":"shipping-taxable","17":"purchasable","18":"product-type-simple"},"_links":{"self":[{"href":"https:\/\/strongclubmeds.com\/en\/wp-json\/wp\/v2\/product\/695","targetHints":{"allow":["GET"]}}],"collection":[{"href":"https:\/\/strongclubmeds.com\/en\/wp-json\/wp\/v2\/product"}],"about":[{"href":"https:\/\/strongclubmeds.com\/en\/wp-json\/wp\/v2\/types\/product"}],"replies":[{"embeddable":true,"href":"https:\/\/strongclubmeds.com\/en\/wp-json\/wp\/v2\/comments?post=695"}],"version-history":[{"count":1,"href":"https:\/\/strongclubmeds.com\/en\/wp-json\/wp\/v2\/product\/695\/revisions"}],"predecessor-version":[{"id":697,"href":"https:\/\/strongclubmeds.com\/en\/wp-json\/wp\/v2\/product\/695\/revisions\/697"}],"wp:featuredmedia":[{"embeddable":true,"href":"https:\/\/strongclubmeds.com\/en\/wp-json\/wp\/v2\/media\/696"}],"wp:attachment":[{"href":"https:\/\/strongclubmeds.com\/en\/wp-json\/wp\/v2\/media?parent=695"}],"wp:term":[{"taxonomy":"product_cat","embeddable":true,"href":"https:\/\/strongclubmeds.com\/en\/wp-json\/wp\/v2\/product_cat?post=695"},{"taxonomy":"product_tag","embeddable":true,"href":"https:\/\/strongclubmeds.com\/en\/wp-json\/wp\/v2\/product_tag?post=695"}],"curies":[{"name":"wp","href":"https:\/\/api.w.org\/{rel}","templated":true}]}}